{"id":416,"date":"2022-07-06T14:10:28","date_gmt":"2022-07-06T14:10:28","guid":{"rendered":"https:\/\/www.kolroser.at\/wordpress\/?page_id=416"},"modified":"2022-07-16T17:12:58","modified_gmt":"2022-07-16T17:12:58","slug":"impressum","status":"publish","type":"page","link":"https:\/\/www.kolroser.at\/wordpress\/impressum\/","title":{"rendered":"IMPRESSUM"},"content":{"rendered":"<p>[et_pb_section fb_built=&#8220;1&#8243; _builder_version=&#8220;4.17.4&#8243; _module_preset=&#8220;default&#8220; custom_padding=&#8220;||31px|||&#8220; global_colors_info=&#8220;{}&#8220;][et_pb_row _builder_version=&#8220;4.17.4&#8243; _module_preset=&#8220;default&#8220; global_colors_info=&#8220;{}&#8220;][et_pb_column type=&#8220;4_4&#8243; _builder_version=&#8220;4.17.4&#8243; _module_preset=&#8220;default&#8220; global_colors_info=&#8220;{}&#8220;][et_pb_text _builder_version=&#8220;4.17.4&#8243; _module_preset=&#8220;default&#8220; text_font=&#8220;Arial||||||||&#8220; text_font_size=&#8220;16px&#8220; link_font=&#8220;Arial||||||||&#8220; link_text_color=&#8220;#666666&#8243; header_2_font=&#8220;Georgia|700|||||||&#8220; header_2_font_size=&#8220;40px&#8220; header_2_line_height=&#8220;2em&#8220; hover_enabled=&#8220;0&#8243; header_2_font_size_tablet=&#8220;40px&#8220; header_2_font_size_phone=&#8220;30px&#8220; header_2_font_size_last_edited=&#8220;on|desktop&#8220; global_colors_info=&#8220;{}&#8220; sticky_enabled=&#8220;0&#8243; link_font_size=&#8220;16px&#8220; link_line_height=&#8220;1.7em&#8220;]<\/p>\n<h2 class=\"et_pb_module_header\"><span>IMPRESSUM<\/span><\/h2>\n<div class=\"et_pb_blurb_description\">\n<p id=\"u13363-4\"><em><strong>Offenlegung gem. \u00a7 14 UGB<\/strong><\/em><\/p>\n<p id=\"u13363-6\"><em><strong>Offenlegung gem. \u00a7 63 Gewerbeordnung<\/strong><\/em><\/p>\n<p id=\"u13363-8\"><em><strong>Offenlegung gem. \u00a7 5 E-Commerce Gesetz<\/strong><\/em><\/p>\n<p id=\"u13363-10\"><em><strong>Offenlegung gem. \u00a7 24 und \u00a7 25 Medien Gesetz \/ Medieninhaber<\/strong><\/em><\/p>\n<p><strong><\/strong><\/p>\n<p id=\"u13363-12\"><strong>Bezeichnung des Unternehmens<br \/><\/strong>Kolroser Event-Marketing<\/p>\n<p id=\"u13363-16\"><strong>Rechtsform des Unternehmens<br \/><\/strong>Einzelunternehmen<\/p>\n<p id=\"u13363-18\"><strong>Firmenanschrift \/ Kontaktdaten<br \/><\/strong>Kolroser Event-Marketing<br \/>Inhaber: Harald Kolroser<br \/>1180 Wien<br \/>Hockegasse 36<br \/>T: +43 699 178 878 88<br \/>M: office@kolroser.at<\/p>\n<p id=\"u13363-34\">UID: ATU 53731706<\/p>\n<p><span><strong>Angaben zur Online-Streitbeilegung<\/strong><br \/><\/span>Verbraucher haben die Mo\u0308glichkeit, Beschwerden an die Online- Streitbeilegungsplattform der EU zu richten: <span><a href=\"http:\/\/ec.europa.eu\/odr.\">http:\/\/ec.europa.eu\/odr.<\/a><\/span><\/p>\n<div class=\"page\" title=\"Page 9\">\n<div class=\"layoutArea\">\n<div class=\"column\">\n<p><span>Sie ko\u0308nnen allfa\u0308llige Beschwerde auch direkt an uns, an die E-Mail-Adresse <a href=\"mailto:office@kolroser.at\" target=\"_blank\" rel=\"noopener\">office@kolroser.at<\/a>\u00a0richten.<\/span><\/p>\n<\/div>\n<\/div>\n<\/div>\n<p id=\"u13363-36\"><strong>Unternehmensgegenstand<br \/><\/strong>Organisation und Vermittlung von Veranstaltungen und Kongressen<\/p>\n<p id=\"u13363-41\"><strong><a class=\"nonblock\" href=\"https:\/\/firmen.wko.at\/harald-kolroser\/wien\/?firmaid=caaa4f6a-9fc1-4bfb-8155-782fd270aac7&amp;standortid=1&amp;standortname=wien%20%28bundesland%29&amp;suchbegriff=kolroser%20harald\" target=\"_blank\" title=\"Link zur WK Wien\" rel=\"noopener\">Mitglied der Wirtschaftskammer Wien<\/a><br \/><\/strong>FG Organisation von Veranstaltungen aller Art<\/p>\n<p id=\"u13363-45\"><strong>Gewerbeordnung<br \/><\/strong><a class=\"nonblock\" href=\"https:\/\/www.ris.bka.gv.at\/\" target=\"_blank\" title=\"Link zur RIS\" rel=\"noopener\">www.ris.bka.gv.at<\/a><\/p>\n<p id=\"u13363-50\"><strong>Gewerbebeh\u00f6rde<br \/><\/strong>Magistratisches Bezirksamt des 18. Bezirkes<\/p>\n<p id=\"u13363-54\"><strong>Berufsbezeichnung<br \/><\/strong>Event-Manager<\/p>\n<p id=\"u13363-62\"><strong>Herausgeber und Betreiber der Website<br \/><\/strong>Kolroser Event-Marketing<\/p>\n<p id=\"u13363-66\"><strong>Konzeption &amp; Gestaltung<br \/><\/strong>Visual Perception 17 e.U.<br \/><a href=\"https:\/\/www.visualperception17.com\" target=\"_blank\" rel=\"noopener\">https:\/\/www.visualperception17.com<\/a><\/p>\n<p id=\"u13363-70\"><strong>Fotos<br \/><\/strong>Pixabay<\/p>\n<p id=\"u13363-74\"><strong>Unser Anliegen<br \/><\/strong>Infomationen \u00fcber unser Unternehmen<br \/>Pr\u00e4sentation unseres Dienstleistungs-Angebotes<\/p>\n<\/div>\n<p>[\/et_pb_text][\/et_pb_column][\/et_pb_row][\/et_pb_section][et_pb_section fb_built=&#8220;1&#8243; _builder_version=&#8220;4.17.4&#8243; _module_preset=&#8220;default&#8220; custom_padding=&#8220;30px||70px|||&#8220; global_colors_info=&#8220;{}&#8220;][et_pb_row _builder_version=&#8220;4.17.4&#8243; _module_preset=&#8220;default&#8220; global_colors_info=&#8220;{}&#8220;][et_pb_column type=&#8220;4_4&#8243; _builder_version=&#8220;4.17.4&#8243; _module_preset=&#8220;default&#8220; global_colors_info=&#8220;{}&#8220;][et_pb_text _builder_version=&#8220;4.17.4&#8243; _module_preset=&#8220;default&#8220; text_font=&#8220;Arial||||||||&#8220; text_font_size=&#8220;16px&#8220; text_line_height=&#8220;1.8em&#8220; header_font=&#8220;Georgia|700|||||||&#8220; header_font_size=&#8220;40px&#8220; header_line_height=&#8220;2em&#8220; header_2_font=&#8220;Georgia|700|||||||&#8220; header_2_font_size=&#8220;30px&#8220; header_2_line_height=&#8220;2em&#8220; hover_enabled=&#8220;0&#8243; header_font_size_tablet=&#8220;40px&#8220; header_font_size_phone=&#8220;30px&#8220; header_font_size_last_edited=&#8220;on|phone&#8220; header_2_font_size_tablet=&#8220;30px&#8220; header_2_font_size_phone=&#8220;20px&#8220; header_2_font_size_last_edited=&#8220;on|phone&#8220; global_colors_info=&#8220;{}&#8220; sticky_enabled=&#8220;0&#8243;]<\/p>\n<h2 class=\"et_pb_module_header\"><span>ALLGEMEINE NUTZUNGSBEDINGUNGEN<\/span><\/h2>\n<div class=\"et_pb_blurb_description\">\n<p id=\"u13364-4\">Der Nutzer anerkennt, dass die Nutzung der von Kolroser Event-Marketing angebotenen Dienste im Internet ausschlie\u00dflich unter Anwendung dieser allgemeinen Nutzungsbedingungen erfolgt. Der Nutzer nimmt zur Kenntnis, dass die Firma\u00a0Kolroser Event-Marketing keine Verpflichtung \u00fcbernimmt, die von ihr im Internet angebotenen Dienste unterbrechungsfrei und jederzeit abrufbar zu halten.<\/p>\n<p id=\"u13364-6\">Sowohl die Zurverf\u00fcgungstellung als auch die Nutzung der Dienste und Inhalte unterliegen den einschl\u00e4gigen gesetzlichen Regelungen insbesondere des Datenschutzes, des Urheberrechts sowie des Marken- und Musterschutzes.<\/p>\n<p id=\"u13364-8\">Die auf den Internetseiten von Kolroser Event-Marketing wiedergegebenen Inhalte dienen, trotz eingehender Recherche und Aufarbeitung, lediglich zur Information. F\u00fcr dennoch enthaltene Fehler kann keine wie immer geartete Haftung \u00fcbernommen werden. Weiters erkl\u00e4rt sich die Firma Kolroser Event-Marketing\u00a0als nicht verantwortlich f\u00fcr den Inhalt von Internetseiten, auf die mit einem Link verwiesen wird.<\/p>\n<p id=\"u13364-10\">Bei Verlinkungen auf weitere Online-Angebote \u00fcbernehmen wir keine Haftung \u00fcber den Inhalt, Funktionalit\u00e4t und Verf\u00fcgbarkeit der verlinkten Webseite(n). Dies gilt auch bei allen anderen direkten oder indirekten Verweisen oder Verlinkungen auf fremde Internetangebote. Links auf diese Website sind erw\u00fcnscht, wenn sie als externe Links in einem eigenen Browserfenster gestaltet sind. Eine \u00dcbernahme des Hauptfensters in einen Frame des Linksetzers ist unzul\u00e4ssig.<\/p>\n<\/div>\n<p>[\/et_pb_text][\/et_pb_column][\/et_pb_row][\/et_pb_section]<\/p>\n","protected":false},"excerpt":{"rendered":"<p>IMPRESSUM Offenlegung gem. \u00a7 14 UGB Offenlegung gem. \u00a7 63 Gewerbeordnung Offenlegung gem. \u00a7 5 E-Commerce Gesetz Offenlegung gem. \u00a7 24 und \u00a7 25 Medien Gesetz \/ Medieninhaber Bezeichnung des UnternehmensKolroser Event-Marketing Rechtsform des UnternehmensEinzelunternehmen Firmenanschrift \/ KontaktdatenKolroser Event-MarketingInhaber: Harald Kolroser1180 WienHockegasse 36T: +43 699 178 878 88M: office@kolroser.at UID: ATU 53731706 Angaben zur Online-StreitbeilegungVerbraucher [&hellip;]<\/p>\n","protected":false},"author":2,"featured_media":0,"parent":0,"menu_order":0,"comment_status":"closed","ping_status":"closed","template":"","meta":{"_et_pb_use_builder":"on","_et_pb_old_content":"","_et_gb_content_width":"","footnotes":""},"class_list":["post-416","page","type-page","status-publish","hentry"],"_links":{"self":[{"href":"https:\/\/www.kolroser.at\/wordpress\/wp-json\/wp\/v2\/pages\/416","targetHints":{"allow":["GET"]}}],"collection":[{"href":"https:\/\/www.kolroser.at\/wordpress\/wp-json\/wp\/v2\/pages"}],"about":[{"href":"https:\/\/www.kolroser.at\/wordpress\/wp-json\/wp\/v2\/types\/page"}],"author":[{"embeddable":true,"href":"https:\/\/www.kolroser.at\/wordpress\/wp-json\/wp\/v2\/users\/2"}],"replies":[{"embeddable":true,"href":"https:\/\/www.kolroser.at\/wordpress\/wp-json\/wp\/v2\/comments?post=416"}],"version-history":[{"count":0,"href":"https:\/\/www.kolroser.at\/wordpress\/wp-json\/wp\/v2\/pages\/416\/revisions"}],"wp:attachment":[{"href":"https:\/\/www.kolroser.at\/wordpress\/wp-json\/wp\/v2\/media?parent=416"}],"curies":[{"name":"wp","href":"https:\/\/api.w.org\/{rel}","templated":true}]}}